{"id":668,"date":"2023-12-05T17:41:40","date_gmt":"2023-12-05T16:41:40","guid":{"rendered":"https:\/\/www.mavieillepeau.com\/?post_type=product&#038;p=668"},"modified":"2024-06-04T18:46:22","modified_gmt":"2024-06-04T16:46:22","slug":"balthazar-porte-monnaie-noir","status":"publish","type":"product","link":"https:\/\/www.mavieillepeau.com\/index.php\/produit\/balthazar-porte-monnaie-noir\/","title":{"rendered":"Balthazar [porte monnaie] Noir"},"content":{"rendered":"<p>Balthazar, le grand-p\u00e8re astucieux \u00e0 l&rsquo;instinct conservateur, ch\u00e9rissait son porte-monnaie comme Picsou son coffre-fort. Toujours pr\u00eat \u00e0 d\u00e9nicher une bonne affaire, il enseignait \u00e0 sa famille que chaque pi\u00e8ce compte, et son pr\u00e9cieux porte-monnaie en cuir t\u00e9moignait de ses \u00e9conomies sagement acquises..<\/p>\r\n<p>Tout comme Balthazar, transportez votre pr\u00e9cieuse petite monnaie dans ce porte monnaie moderne et chic.<\/p>\r\n<p>Le cuir en tannage v\u00e9g\u00e9tal ne contient pas de m\u00e9taux tel que le chrome contrairement au tannage min\u00e9ral. Des nuances de couleurs peuvent \u00eatre observ\u00e9es.<\/p>\r\n<p>La couture est faite main avec du fil de lin de marque fran\u00e7aise. Le fil de lin est l&rsquo;un des meilleurs choix possible pour sa qualit\u00e9, sa r\u00e9sistance et sa solidit\u00e9.<\/p>\r\n<p>Les cuirs sont choisis pour leur aspect authentique. Ils ne sont pas retouch\u00e9s, ce qui leur donne une histoire, un v\u00e9cu et qui rend chaque produit unique. Des d\u00e9fauts visuels tels que des griffures ou des plis sont possibles (voir conditions g\u00e9n\u00e9rales de ventes).<\/p>\r\n<p>Tous les produits seront prot\u00e9g\u00e9s avec un baume pour cuir naturel compos\u00e9 de beurre de cacao, de cire d&rsquo;abeille, et d&rsquo; huile d&rsquo;amande douce. Mais n&rsquo;oubliez pas de continuer \u00e0 l&rsquo;entretenir pour le conserver le plus longtemps possible en bon \u00e9tat.<\/p>\r\n<!-- \/wp:post-content -->\r\n\r\n<!-- wp:paragraph -->\r\n<p>Attention, si vous pr\u00e9sentez une allergie \u00e0 l&rsquo;un des produits pr\u00e9-cit\u00e9 n&rsquo;oubliez pas de le pr\u00e9ciser dans la case commentaire lors de la commande afin que je n&rsquo;applique pas se baume.<\/p>","protected":false},"excerpt":{"rendered":"<p>Balthazar, vous permettra de transportez votre pr\u00e9cieuse petite monnaie dans ce porte monnaie moderne et chic.<\/p>\n","protected":false},"featured_media":662,"comment_status":"open","ping_status":"closed","template":"","meta":[],"product_brand":[],"product_cat":[47],"product_tag":[48],"class_list":{"0":"post-668","1":"product","2":"type-product","3":"status-publish","4":"has-post-thumbnail","6":"product_cat-porte-monnaie","7":"product_tag-porte-monnaie","9":"first","10":"instock","11":"purchasable","12":"product-type-variable"},"jetpack_sharing_enabled":true,"_links":{"self":[{"href":"https:\/\/www.mavieillepeau.com\/index.php\/wp-json\/wp\/v2\/product\/668","targetHints":{"allow":["GET"]}}],"collection":[{"href":"https:\/\/www.mavieillepeau.com\/index.php\/wp-json\/wp\/v2\/product"}],"about":[{"href":"https:\/\/www.mavieillepeau.com\/index.php\/wp-json\/wp\/v2\/types\/product"}],"replies":[{"embeddable":true,"href":"https:\/\/www.mavieillepeau.com\/index.php\/wp-json\/wp\/v2\/comments?post=668"}],"wp:featuredmedia":[{"embeddable":true,"href":"https:\/\/www.mavieillepeau.com\/index.php\/wp-json\/wp\/v2\/media\/662"}],"wp:attachment":[{"href":"https:\/\/www.mavieillepeau.com\/index.php\/wp-json\/wp\/v2\/media?parent=668"}],"wp:term":[{"taxonomy":"product_brand","embeddable":true,"href":"https:\/\/www.mavieillepeau.com\/index.php\/wp-json\/wp\/v2\/product_brand?post=668"},{"taxonomy":"product_cat","embeddable":true,"href":"https:\/\/www.mavieillepeau.com\/index.php\/wp-json\/wp\/v2\/product_cat?post=668"},{"taxonomy":"product_tag","embeddable":true,"href":"https:\/\/www.mavieillepeau.com\/index.php\/wp-json\/wp\/v2\/product_tag?post=668"}],"curies":[{"name":"wp","href":"https:\/\/api.w.org\/{rel}","templated":true}]}}