{"id":479,"date":"2023-09-20T22:33:25","date_gmt":"2023-09-20T20:33:25","guid":{"rendered":"https:\/\/www.mavieillepeau.com\/?post_type=product&#038;p=479"},"modified":"2024-06-04T18:54:25","modified_gmt":"2024-06-04T16:54:25","slug":"archibald-vide-poche-plateau-de-des","status":"publish","type":"product","link":"https:\/\/www.mavieillepeau.com\/index.php\/produit\/archibald-vide-poche-plateau-de-des\/","title":{"rendered":"Archibald [vide poche \/ plateau de d\u00e9s]"},"content":{"rendered":"<p>Archibald, le vieil oncle joueur, avait toujours un as dans sa manche, que ce soit pour une partie de cartes impromptue ou un conseil avis\u00e9. Sa veste \u00e9lim\u00e9e cachait des tr\u00e9sors, de l&rsquo;argent de poche pour ses neveux et un sourire complice pour ses ni\u00e8ces. Dans sa sagesse, il avait toujours tout ce qu&rsquo;il fallait \u00e0 port\u00e9e de main pour \u00e9clairer les journ\u00e9es de sa famille.<\/p>\n<p>Archibald sera toujours l\u00e0 pour conserver vos objets utiles de tous les jours. Son format de 30cm par 30cm est assez grand pour vous permettre de lancer vos clef, ou vos d\u00e9s si le c\u0153ur vous en dis !<\/p>\n<p>La croute de cuir en tannage v\u00e9g\u00e9tal ne contient pas de m\u00e9taux tel que le chrome contrairement au tannage min\u00e9ral. Des nuances de couleurs peuvent \u00eatre observ\u00e9es.<\/p>\n<p>Les croutes de cuir sont choisis pour leur aspect authentique. Ils ne sont pas retouch\u00e9s, ce qui leur donne une histoire, un v\u00e9cu et qui rend chaque produit unique. Des d\u00e9fauts visuels tels que des griffures ou des plis sont possibles (voir conditions g\u00e9n\u00e9rales de ventes).<\/p>\n<p><!-- \/wp:post-content --><\/p>\n","protected":false},"excerpt":{"rendered":"<p>Archibald sera toujours l\u00e0 pour conserver vos objets utiles de tous les jours. Son format de 30cm par 30cm? est assez grand pour vous permettre de lancer vos clef, ou vos d\u00e9s si le c\u0153ur vous en dis !<\/p>\n","protected":false},"featured_media":521,"comment_status":"open","ping_status":"closed","template":"","meta":[],"product_brand":[],"product_cat":[44],"product_tag":[45],"class_list":{"0":"post-479","1":"product","2":"type-product","3":"status-publish","4":"has-post-thumbnail","6":"product_cat-vide-poche-plateau-de-des","7":"product_tag-vide-poche-plateau-de-des","9":"first","10":"instock","11":"purchasable","12":"product-type-variable"},"jetpack_sharing_enabled":true,"_links":{"self":[{"href":"https:\/\/www.mavieillepeau.com\/index.php\/wp-json\/wp\/v2\/product\/479","targetHints":{"allow":["GET"]}}],"collection":[{"href":"https:\/\/www.mavieillepeau.com\/index.php\/wp-json\/wp\/v2\/product"}],"about":[{"href":"https:\/\/www.mavieillepeau.com\/index.php\/wp-json\/wp\/v2\/types\/product"}],"replies":[{"embeddable":true,"href":"https:\/\/www.mavieillepeau.com\/index.php\/wp-json\/wp\/v2\/comments?post=479"}],"wp:featuredmedia":[{"embeddable":true,"href":"https:\/\/www.mavieillepeau.com\/index.php\/wp-json\/wp\/v2\/media\/521"}],"wp:attachment":[{"href":"https:\/\/www.mavieillepeau.com\/index.php\/wp-json\/wp\/v2\/media?parent=479"}],"wp:term":[{"taxonomy":"product_brand","embeddable":true,"href":"https:\/\/www.mavieillepeau.com\/index.php\/wp-json\/wp\/v2\/product_brand?post=479"},{"taxonomy":"product_cat","embeddable":true,"href":"https:\/\/www.mavieillepeau.com\/index.php\/wp-json\/wp\/v2\/product_cat?post=479"},{"taxonomy":"product_tag","embeddable":true,"href":"https:\/\/www.mavieillepeau.com\/index.php\/wp-json\/wp\/v2\/product_tag?post=479"}],"curies":[{"name":"wp","href":"https:\/\/api.w.org\/{rel}","templated":true}]}}