{"id":41,"date":"2023-01-21T23:08:04","date_gmt":"2023-01-21T22:08:04","guid":{"rendered":"https:\/\/www.mavieillepeau.com\/?post_type=product&#038;p=41"},"modified":"2025-04-14T08:29:43","modified_gmt":"2025-04-14T06:29:43","slug":"porte-passeport-v1-2","status":"publish","type":"product","link":"https:\/\/www.mavieillepeau.com\/index.php\/produit\/porte-passeport-v1-2\/","title":{"rendered":"Le Jacques [porte-passeport] Marron clair"},"content":{"rendered":"<p>Le Jacques est un hommage \u00e0 Jacques-Yves Cousteau, explorateur oc\u00e9anographique fran\u00e7ais. Il m&rsquo;a fait d\u00e9couvrir les fonds marins pendant mon enfance et m&rsquo;a donn\u00e9 le go\u00fbt du voyage.<\/p>\r\n<p>Le Jacques vous permet de rassembler et d&rsquo;avoir \u00e0 port\u00e9e de main vos essentiels de voyage : votre passeport, votre carte d&rsquo;identit\u00e9, votre carte de cr\u00e9dit ou encore votre stylo.<\/p>\r\n<p>Le cuir \u00e9pais conf\u00e9rera une robustesse \u00e0 votre porte-passeport. Si vous avez une pr\u00e9f\u00e9rence pour un cuir plut\u00f4t lisse, ou plut\u00f4t avec du relief, vous pouvez le pr\u00e9ciser en commentaire de la commande. Je ferais mon maximum pour s\u00e9lectionner le morceau correspondant \u00e0 vos attentes. Le cuir en tannage v\u00e9g\u00e9tal ne contient pas de m\u00e9taux tel que le chrome contrairement au tannage min\u00e9ral. Des nuances de couleurs peuvent \u00eatre observ\u00e9es. Photos non\u00a0 contractuelles.<\/p>\r\n<p>La couture est faite main avec du fil de lin de marque fran\u00e7aise. Le fil de lin est l&rsquo;un des meilleurs choix possible pour sa qualit\u00e9, sa r\u00e9sistance et sa solidit\u00e9.<\/p>\r\n<p>Les cuirs sont choisis pour leur aspect authentique. Ils ne sont pas retouch\u00e9s, ce qui leur donne une histoire, un v\u00e9cu et qui rend chaque produit unique. Des d\u00e9fauts visuels tels que des griffures ou des plis sont possibles (voir conditions g\u00e9n\u00e9rales de ventes).<\/p>\r\n<p>Tous les produits seront prot\u00e9g\u00e9s avec un baume pour cuir naturel compos\u00e9 de beurre de cacao, de cire d&rsquo;abeille, et d&rsquo; huile d&rsquo;amande douce. Mais n&rsquo;oubliez pas de continuer \u00e0 l&rsquo;entretenir pour le conserver le plus longtemps possible en bon \u00e9tat.<\/p>\r\n<!-- \/wp:post-content -->\r\n\r\n<!-- wp:paragraph -->\r\n<p>Attention, si vous pr\u00e9sentez une allergie \u00e0 l&rsquo;un des produits pr\u00e9-cit\u00e9 n&rsquo;oubliez pas de le pr\u00e9ciser dans la case commentaire lors de la commande afin que je n&rsquo;applique pas se baume. \u00a0<\/p>","protected":false},"excerpt":{"rendered":"<p>Le Jacques vous permet de rassembler et d&rsquo;avoir \u00e0 port\u00e9e de main vos essentiels de voyage : votre passeport, votre carte d&rsquo;identit\u00e9, votre carte de cr\u00e9dit ou encore votre stylo.<\/p>\n","protected":false},"featured_media":195,"comment_status":"open","ping_status":"closed","template":"","meta":[],"product_brand":[],"product_cat":[25],"product_tag":[19],"class_list":{"0":"post-41","1":"product","2":"type-product","3":"status-publish","4":"has-post-thumbnail","6":"product_cat-porte-passeport","7":"product_tag-passeport","9":"first","10":"instock","11":"taxable","12":"shipping-taxable","13":"purchasable","14":"product-type-variable"},"jetpack_sharing_enabled":true,"_links":{"self":[{"href":"https:\/\/www.mavieillepeau.com\/index.php\/wp-json\/wp\/v2\/product\/41","targetHints":{"allow":["GET"]}}],"collection":[{"href":"https:\/\/www.mavieillepeau.com\/index.php\/wp-json\/wp\/v2\/product"}],"about":[{"href":"https:\/\/www.mavieillepeau.com\/index.php\/wp-json\/wp\/v2\/types\/product"}],"replies":[{"embeddable":true,"href":"https:\/\/www.mavieillepeau.com\/index.php\/wp-json\/wp\/v2\/comments?post=41"}],"wp:featuredmedia":[{"embeddable":true,"href":"https:\/\/www.mavieillepeau.com\/index.php\/wp-json\/wp\/v2\/media\/195"}],"wp:attachment":[{"href":"https:\/\/www.mavieillepeau.com\/index.php\/wp-json\/wp\/v2\/media?parent=41"}],"wp:term":[{"taxonomy":"product_brand","embeddable":true,"href":"https:\/\/www.mavieillepeau.com\/index.php\/wp-json\/wp\/v2\/product_brand?post=41"},{"taxonomy":"product_cat","embeddable":true,"href":"https:\/\/www.mavieillepeau.com\/index.php\/wp-json\/wp\/v2\/product_cat?post=41"},{"taxonomy":"product_tag","embeddable":true,"href":"https:\/\/www.mavieillepeau.com\/index.php\/wp-json\/wp\/v2\/product_tag?post=41"}],"curies":[{"name":"wp","href":"https:\/\/api.w.org\/{rel}","templated":true}]}}