{"id":3,"date":"2023-01-20T14:46:15","date_gmt":"2023-01-20T13:46:15","guid":{"rendered":"http:\/\/www.mavieillepeau.com\/?page_id=3"},"modified":"2023-01-29T10:57:47","modified_gmt":"2023-01-29T09:57:47","slug":"politique-de-confidentialite","status":"publish","type":"page","link":"https:\/\/www.mavieillepeau.com\/index.php\/politique-de-confidentialite\/","title":{"rendered":"Politique de confidentialit\u00e9"},"content":{"rendered":"\n<p><\/p>\n\n\n\n<h2 class=\"wp-block-heading\">Transmission de vos donn\u00e9es personnelles<\/h2>\n\n\n\n<p>Vos commentaires peuvent \u00eatre v\u00e9rifi\u00e9s \u00e0 l\u2019aide d\u2019un service automatis\u00e9 de d\u00e9tection des commentaires ind\u00e9sirables.<\/p>\n\n\n\n<ul class=\"wp-block-list\">\n<li>Le site www.mavieillepeau.com&nbsp;est une boutique en auto-entreprise.\n<ul class=\"wp-block-list\">\n<li>Adresse: 1 rue de Fontenille, Molles, 03300<\/li>\n\n\n\n<li>Num\u00e9ro de Siret: 91967753400019<\/li>\n\n\n\n<li>Cr\u00e9ateur: Quentin Petit<\/li>\n\n\n\n<li>Contact: contact@mavieillepeau.com<\/li>\n\n\n\n<li>Le site est h\u00e9berg\u00e9 par la soci\u00e9t\u00e9 OVH, 2 rue Kellermann 59100 Roubaix<\/li>\n<\/ul>\n<\/li>\n\n\n\n<li>Conform\u00e9ment \u00e0 la loi \u00ab informatique et libert\u00e9s \u00bb du 6 janvier 1978 modifi\u00e9e en 2004, vous b\u00e9n\u00e9ficiez d\u2019un droit d\u2019acc\u00e8s et de rectification aux informations qui vous concernent, que vous pouvez exercer en vous adressant \u00e0 l\u2019administrateur du site, via email en utilisant la page de contact.<\/li>\n\n\n\n<li>Votre email est collect\u00e9 pour vous faire parvenir nos nouveaux articles, nouvelles vid\u00e9os et nos offres commerciales, dans le strict respect de la r\u00e9glementation europ\u00e9enne sur la collecte des donn\u00e9es. Vos donn\u00e9es ne seront jamais revendues \u00e0 des tiers.<\/li>\n\n\n\n<li>Tous les emails envoy\u00e9s contiennent un lien de d\u00e9sinscription qui permet de ne plus recevoir de message. Les emails collect\u00e9s sont stock\u00e9s par Mailchimp, un des auto-r\u00e9pondeurs les plus fiables et parmi les plus utilis\u00e9s dans le monde.<\/li>\n\n\n\n<li>Ma vieille peau utilise des cookies pour am\u00e9liorer votre navigation et l\u2019acc\u00e8s au contenu du site. Vous pouvez param\u00e9trer vos cookies en vous r\u00e9f\u00e9rant aux pages support de votre navigateur internet.<\/li>\n\n\n\n<li>Ma vieille peau utilise le pixel Facebook. Cette technologie permet \u00e0 Facebook d\u2019identifier, parmi les visiteurs de Ma vieille peau, ceux qui poss\u00e8dent un compte Facebook. Cette strat\u00e9gie est utilis\u00e9e \u00e0 des fins marketing, afin de proposer, \u00e9ventuellement,&nbsp; des publicit\u00e9s cibl\u00e9es sur les pages Facebook des utilisateurs.<\/li>\n\n\n\n<li>Ma vieille peau utilise &nbsp;les cookies de Google, dans le but de faire de la publicit\u00e9 cibl\u00e9e.<\/li>\n\n\n\n<li>Paiement s\u00e9curis\u00e9: Ma vieille peau utilise les services de Stripe pour s\u00e9curiser les paiements. Cette soci\u00e9t\u00e9 est parmi les leaders mondiaux en la mati\u00e8re, et pr\u00e9sente toutes les garanties de protection des consommateurs.<\/li>\n\n\n\n<li>Vous pouvez \u00e9galement vous opposer au traitement des donn\u00e9es vous concernant. Adressez vous \u00e0 l\u2019administrateur du site, Quentin Petit, en utilisant la page de contact.<\/li>\n\n\n\n<li>Vos donn\u00e9es personnelles sont conserv\u00e9es de mani\u00e8re confidentielles et ne sont ni c\u00e9d\u00e9es ni vendues \u00e0 des tiers.<\/li>\n<\/ul>\n\n\n\n<h2 class=\"wp-block-heading\">Cookies<\/h2>\n\n\n\n<p>Si vous d\u00e9posez un commentaire sur notre site, il vous sera propos\u00e9 d\u2019enregistrer votre nom, adresse e-mail et site dans des cookies. C\u2019est uniquement pour votre confort afin de ne pas avoir \u00e0 saisir ces informations si vous d\u00e9posez un autre commentaire plus tard. Ces cookies expirent au bout d\u2019un an.<\/p>\n\n\n\n<p>Si vous vous rendez sur la page de connexion, un cookie temporaire sera cr\u00e9\u00e9 afin de d\u00e9terminer si votre navigateur accepte les cookies. Il ne contient pas de donn\u00e9es personnelles et sera supprim\u00e9 automatiquement \u00e0 la fermeture de votre navigateur.<\/p>\n\n\n\n<p>Lorsque vous vous connecterez, nous mettrons en place un certain nombre de cookies pour enregistrer vos informations de connexion et vos pr\u00e9f\u00e9rences d\u2019\u00e9cran. La dur\u00e9e de vie d\u2019un cookie de connexion est de deux jours, celle d\u2019un cookie d\u2019option d\u2019\u00e9cran est d\u2019un an. Si vous cochez \u00ab&nbsp;Se souvenir de moi&nbsp;\u00bb, votre cookie de connexion sera conserv\u00e9 pendant deux semaines. Si vous vous d\u00e9connectez de votre compte, le cookie de connexion sera effac\u00e9.<\/p>\n\n\n\n<p>En modifiant ou en publiant une publication, un cookie suppl\u00e9mentaire sera enregistr\u00e9 dans votre navigateur. Ce cookie ne comprend aucune donn\u00e9e personnelle. Il indique simplement l\u2019ID de la publication que vous venez de modifier. Il expire au bout d\u2019un jour.<\/p>\n\n\n\n<h2 class=\"wp-block-heading\">Utilisation et transmission de vos donn\u00e9es personnelles<\/h2>\n\n\n\n<p>Si vous demandez une r\u00e9initialisation de votre mot de passe, votre adresse IP sera incluse dans l\u2019e-mail de r\u00e9initialisation.<\/p>\n\n\n\n<h2 class=\"wp-block-heading\">Commentaires<\/h2>\n\n\n\n<p>Quand vous laissez un commentaire sur notre site, les donn\u00e9es inscrites dans le formulaire de commentaire ainsi que votre adresse IP et l\u2019agent utilisateur de votre navigateur sont collect\u00e9s pour nous aider \u00e0 la d\u00e9tection des commentaires ind\u00e9sirables.<\/p>\n\n\n\n<p>Une cha\u00eene anonymis\u00e9e cr\u00e9\u00e9e \u00e0 partir de votre adresse e-mail (\u00e9galement appel\u00e9e hash) peut \u00eatre envoy\u00e9e au service Gravatar pour v\u00e9rifier si vous utilisez ce dernier. Les clauses de confidentialit\u00e9 du service Gravatar sont disponibles ici\u00a0: https:\/\/automattic.com\/privacy\/. Apr\u00e8s validation de votre commentaire, votre photo de profil sera visible publiquement \u00e0 cot\u00e9 de votre commentaire.<\/p>\n\n\n\n<h2 class=\"wp-block-heading\">Dur\u00e9es de stockage de vos donn\u00e9es<\/h2>\n\n\n\n<p>Si vous laissez un commentaire, le commentaire et ses m\u00e9tadonn\u00e9es sont conserv\u00e9s ind\u00e9finiment. Cela permet de reconna\u00eetre et approuver automatiquement les commentaires suivants au lieu de les laisser dans la file de mod\u00e9ration.<\/p>\n\n\n\n<p>Pour les comptes qui s\u2019inscrivent sur notre site (le cas \u00e9ch\u00e9ant), nous stockons \u00e9galement les donn\u00e9es personnelles indiqu\u00e9es dans leur profil. Tous les comptes peuvent voir, modifier ou supprimer leurs informations personnelles \u00e0 tout moment (\u00e0 l\u2019exception de leur identifiant). Les gestionnaires du site peuvent aussi voir et modifier ces informations.<\/p>\n\n\n\n<h2 class=\"wp-block-heading\">Les droits que vous avez sur vos donn\u00e9es<\/h2>\n\n\n\n<p>Si vous avez un compte ou si vous avez laiss\u00e9 des commentaires sur le site, vous pouvez demander \u00e0 recevoir un fichier contenant toutes les donn\u00e9es personnelles que nous poss\u00e9dons \u00e0 votre sujet, incluant celles que vous nous avez fournies. Vous pouvez \u00e9galement demander la suppression des donn\u00e9es personnelles vous concernant. Cela ne prend pas en compte les donn\u00e9es stock\u00e9es \u00e0 des fins administratives, l\u00e9gales ou pour des raisons de s\u00e9curit\u00e9.<\/p>\n","protected":false},"excerpt":{"rendered":"<p>Transmission de vos donn\u00e9es personnelles Vos commentaires peuvent \u00eatre v\u00e9rifi\u00e9s \u00e0 l\u2019aide d\u2019un service automatis\u00e9 de d\u00e9tection des commentaires ind\u00e9sirables. Cookies Si vous d\u00e9posez un commentaire sur notre site, il vous sera propos\u00e9 d\u2019enregistrer votre nom, adresse e-mail et site dans des cookies. C\u2019est uniquement pour votre confort afin de ne pas avoir \u00e0 saisir [&hellip;]<\/p>\n","protected":false},"author":1,"featured_media":0,"parent":0,"menu_order":0,"comment_status":"closed","ping_status":"open","template":"","meta":{"footnotes":""},"class_list":["post-3","page","type-page","status-publish","hentry"],"jetpack_sharing_enabled":true,"_links":{"self":[{"href":"https:\/\/www.mavieillepeau.com\/index.php\/wp-json\/wp\/v2\/pages\/3","targetHints":{"allow":["GET"]}}],"collection":[{"href":"https:\/\/www.mavieillepeau.com\/index.php\/wp-json\/wp\/v2\/pages"}],"about":[{"href":"https:\/\/www.mavieillepeau.com\/index.php\/wp-json\/wp\/v2\/types\/page"}],"author":[{"embeddable":true,"href":"https:\/\/www.mavieillepeau.com\/index.php\/wp-json\/wp\/v2\/users\/1"}],"replies":[{"embeddable":true,"href":"https:\/\/www.mavieillepeau.com\/index.php\/wp-json\/wp\/v2\/comments?post=3"}],"version-history":[{"count":2,"href":"https:\/\/www.mavieillepeau.com\/index.php\/wp-json\/wp\/v2\/pages\/3\/revisions"}],"predecessor-version":[{"id":117,"href":"https:\/\/www.mavieillepeau.com\/index.php\/wp-json\/wp\/v2\/pages\/3\/revisions\/117"}],"wp:attachment":[{"href":"https:\/\/www.mavieillepeau.com\/index.php\/wp-json\/wp\/v2\/media?parent=3"}],"curies":[{"name":"wp","href":"https:\/\/api.w.org\/{rel}","templated":true}]}}